{"id":5,"date":"2017-12-06T20:29:58","date_gmt":"2017-12-06T20:29:58","guid":{"rendered":"http:\/\/test.nordisk-blumenwerkstatt.de\/?page_id=5"},"modified":"2023-01-09T19:20:49","modified_gmt":"2023-01-09T19:20:49","slug":"startseite","status":"publish","type":"page","link":"https:\/\/nordisk-blumenwerkstatt.de\/","title":{"rendered":"Herzlich Willkommen in der Blumenwerkstatt!"},"content":{"rendered":"\t\t<div data-elementor-type=\"wp-page\" data-elementor-id=\"5\" class=\"elementor elementor-5\">\n\t\t\t\t\t\t<div class=\"elementor-inner\">\n\t\t\t\t<div class=\"elementor-section-wrap\">\n\t\t\t\t\t\t\t\t\t<section class=\"elementor-section elementor-top-section elementor-element elementor-element-765f278f elementor-section-full_width elementor-section-height-default elementor-section-height-default\" data-id=\"765f278f\" data-element_type=\"section\">\n\t\t\t\t\t\t<div class=\"elementor-container elementor-column-gap-no\">\n\t\t\t\t\t\t\t<div class=\"elementor-row\">\n\t\t\t\t\t<div class=\"elementor-column elementor-col-100 elementor-top-column elementor-element elementor-element-5047eaed\" data-id=\"5047eaed\" data-element_type=\"column\">\n\t\t\t<div class=\"elementor-column-wrap elementor-element-populated\">\n\t\t\t\t\t\t\t<div class=\"elementor-widget-wrap\">\n\t\t\t\t\t\t<div class=\"elementor-element elementor-element-3271840 elementor-widget elementor-widget-text-editor\" data-id=\"3271840\" data-element_type=\"widget\" data-widget_type=\"text-editor.default\">\n\t\t\t\t<div class=\"elementor-widget-container\">\n\t\t\t\t\t\t\t\t<div class=\"elementor-text-editor elementor-clearfix\">\n\t\t\t\t<p lang=\"de-CH\">Die Blumenwerkstatt liegt mitten im l\u00e4ndlichen Grafenwald und ist kein normales Blumengesch\u00e4ft mit Ausstellungsfl\u00e4che und Laden\u00f6ffnungszeiten. Sie finden bei mir naturverbundene Floristik, die ich Ihnen auch gerne nach Hause oder in die Firma liefere.<\/p><p>F\u00fcr jede erdenkliche Gelegenheit biete ich Ihnen Beratung in pers\u00f6nlicher Atmosph\u00e4re in meiner Werkstatt oder bei Ihnen zu Hause.\u00a0Um sich einen Eindruck \u00fcber die vielf\u00e4ltigen Gestaltungsm\u00f6glichkeiten zu machen, k\u00f6nnen Sie mich\u00a0gerne in der Werkstatt besuchen.\u00a0Dort biete\u00a0ich\u00a0Ihnen ein umfassendes saisonales Angebot an Schnitt- und Topfblumen. Ich\u00a0gestalte f\u00fcr Sie Blumenschmuck aller Art f\u00fcr fr\u00f6hliche und traurige, allt\u00e4gliche und besondere Anl\u00e4sse oder auch Dekorationen f\u00fcr Firmen, Praxen und Restaurants. Gerne helfe ich Ihnen bei der Bepflanzung f\u00fcr Balkon und Terrasse.\u00a0Eine st\u00e4ndige Ausstellung meiner\u00a0Arbeiten finden Sie im Caf\u00ea Kleines Engelseck auf der Schneiderstr. 99 in Grafenwald.<\/p><p lang=\"de-CH\">Ich\u00a0freue mich\u00a0auf Ihren Besuch!<\/p>\t\t\t\t\t<\/div>\n\t\t\t\t\t\t<\/div>\n\t\t\t\t<\/div>\n\t\t\t\t\t\t<\/div>\n\t\t\t\t\t<\/div>\n\t\t<\/div>\n\t\t\t\t\t\t\t\t<\/div>\n\t\t\t\t\t<\/div>\n\t\t<\/section>\n\t\t\t\t<section class=\"elementor-section elementor-top-section elementor-element elementor-element-af6848e elementor-section-boxed elementor-section-height-default elementor-section-height-default\" data-id=\"af6848e\" data-element_type=\"section\">\n\t\t\t\t\t\t<div class=\"elementor-container elementor-column-gap-default\">\n\t\t\t\t\t\t\t<div class=\"elementor-row\">\n\t\t\t\t\t<div class=\"elementor-column elementor-col-100 elementor-top-column elementor-element elementor-element-6149248\" data-id=\"6149248\" data-element_type=\"column\">\n\t\t\t<div class=\"elementor-column-wrap elementor-element-populated\">\n\t\t\t\t\t\t\t<div class=\"elementor-widget-wrap\">\n\t\t\t\t\t\t<div class=\"elementor-element elementor-element-6efd493 elementor-widget elementor-widget-spacer\" data-id=\"6efd493\" data-element_type=\"widget\" data-widget_type=\"spacer.default\">\n\t\t\t\t<div class=\"elementor-widget-container\">\n\t\t\t\t\t<div class=\"elementor-spacer\">\n\t\t\t<div class=\"elementor-spacer-inner\"><\/div>\n\t\t<\/div>\n\t\t\t\t<\/div>\n\t\t\t\t<\/div>\n\t\t\t\t\t\t<\/div>\n\t\t\t\t\t<\/div>\n\t\t<\/div>\n\t\t\t\t\t\t\t\t<\/div>\n\t\t\t\t\t<\/div>\n\t\t<\/section>\n\t\t\t\t<section class=\"elementor-section elementor-top-section elementor-element elementor-element-344658f elementor-section-full_width elementor-section-height-default elementor-section-height-default\" data-id=\"344658f\" data-element_type=\"section\">\n\t\t\t\t\t\t<div class=\"elementor-container elementor-column-gap-default\">\n\t\t\t\t\t\t\t<div class=\"elementor-row\">\n\t\t\t\t\t<div class=\"elementor-column elementor-col-50 elementor-top-column elementor-element elementor-element-5f8e364\" data-id=\"5f8e364\" data-element_type=\"column\">\n\t\t\t<div class=\"elementor-column-wrap elementor-element-populated\">\n\t\t\t\t\t\t\t<div class=\"elementor-widget-wrap\">\n\t\t\t\t\t\t<div class=\"elementor-element elementor-element-9ae222b elementor-widget elementor-widget-image\" data-id=\"9ae222b\" data-element_type=\"widget\" data-widget_type=\"image.default\">\n\t\t\t\t<div class=\"elementor-widget-container\">\n\t\t\t\t\t\t\t\t<div class=\"elementor-image\">\n\t\t\t\t\t\t\t\t\t\t\t\t<img width=\"512\" height=\"342\" src=\"https:\/\/nordisk-blumenwerkstatt.de\/wp-content\/uploads\/2017\/12\/DSC_2074.png\" class=\"attachment-large size-large\" alt=\"\" loading=\"lazy\" srcset=\"https:\/\/nordisk-blumenwerkstatt.de\/wp-content\/uploads\/2017\/12\/DSC_2074.png 512w, https:\/\/nordisk-blumenwerkstatt.de\/wp-content\/uploads\/2017\/12\/DSC_2074-300x200.png 300w\" sizes=\"(max-width: 512px) 100vw, 512px\" \/>\t\t\t\t\t\t\t\t\t\t\t\t\t\t<\/div>\n\t\t\t\t\t\t<\/div>\n\t\t\t\t<\/div>\n\t\t\t\t\t\t<\/div>\n\t\t\t\t\t<\/div>\n\t\t<\/div>\n\t\t\t\t<div class=\"elementor-column elementor-col-50 elementor-top-column elementor-element elementor-element-14e53eb\" data-id=\"14e53eb\" data-element_type=\"column\">\n\t\t\t<div class=\"elementor-column-wrap elementor-element-populated\">\n\t\t\t\t\t\t\t<div class=\"elementor-widget-wrap\">\n\t\t\t\t\t\t<div class=\"elementor-element elementor-element-1c458bb elementor-widget elementor-widget-text-editor\" data-id=\"1c458bb\" data-element_type=\"widget\" data-widget_type=\"text-editor.default\">\n\t\t\t\t<div class=\"elementor-widget-container\">\n\t\t\t\t\t\t\t\t<div class=\"elementor-text-editor elementor-clearfix\">\n\t\t\t\t<p lang=\"de-CH\"><b>Dekorationen<\/b><\/p><p lang=\"de-CH\">Sie wollen Ihrem Firmenfoyer, dem B\u00fcro oder ihrem Restaurant ein ansprechendes und saisonales Erscheinungsbild mit Blumen geben? Oder m\u00f6chten Sie Ihre Kunden mit einem floralen Geschenk \u00fcberraschen? Gerne helfe ich Ihnen dabei!<\/p><p lang=\"de-CH\">Zu meinen Leistungen f\u00fcr Firmen z\u00e4hlt auch das Blumen-Abo f\u00fcr das ganze Jahr mit folgenden Vorteilen:<\/p><ul><li lang=\"de-CH\">Regelm\u00e4ssige, verl\u00e4ssliche Lieferung<\/li><li lang=\"de-CH\">Austausch der Schnittblumen<\/li><li lang=\"de-CH\">Frischegarantie<\/li><li lang=\"de-CH\">Bereitstellung der Vasen und Schalen\u00a0<\/li><li lang=\"de-CH\">Monatliche Abrechnung<\/li><\/ul><p lang=\"de-CH\">Bei Interesse kontaktieren Sie mich!<\/p>\t\t\t\t\t<\/div>\n\t\t\t\t\t\t<\/div>\n\t\t\t\t<\/div>\n\t\t\t\t\t\t<\/div>\n\t\t\t\t\t<\/div>\n\t\t<\/div>\n\t\t\t\t\t\t\t\t<\/div>\n\t\t\t\t\t<\/div>\n\t\t<\/section>\n\t\t\t\t<section class=\"elementor-section elementor-top-section elementor-element elementor-element-138b8eb elementor-section-boxed elementor-section-height-default elementor-section-height-default\" data-id=\"138b8eb\" data-element_type=\"section\">\n\t\t\t\t\t\t<div class=\"elementor-container elementor-column-gap-default\">\n\t\t\t\t\t\t\t<div class=\"elementor-row\">\n\t\t\t\t\t<div class=\"elementor-column elementor-col-100 elementor-top-column elementor-element elementor-element-6a49e45\" data-id=\"6a49e45\" data-element_type=\"column\">\n\t\t\t<div class=\"elementor-column-wrap elementor-element-populated\">\n\t\t\t\t\t\t\t<div class=\"elementor-widget-wrap\">\n\t\t\t\t\t\t<div class=\"elementor-element elementor-element-ee73903 elementor-widget elementor-widget-spacer\" data-id=\"ee73903\" data-element_type=\"widget\" data-widget_type=\"spacer.default\">\n\t\t\t\t<div class=\"elementor-widget-container\">\n\t\t\t\t\t<div class=\"elementor-spacer\">\n\t\t\t<div class=\"elementor-spacer-inner\"><\/div>\n\t\t<\/div>\n\t\t\t\t<\/div>\n\t\t\t\t<\/div>\n\t\t\t\t\t\t<\/div>\n\t\t\t\t\t<\/div>\n\t\t<\/div>\n\t\t\t\t\t\t\t\t<\/div>\n\t\t\t\t\t<\/div>\n\t\t<\/section>\n\t\t\t\t<section class=\"elementor-section elementor-top-section elementor-element elementor-element-7e3b398 elementor-section-full_width elementor-section-height-default elementor-section-height-default\" data-id=\"7e3b398\" data-element_type=\"section\">\n\t\t\t\t\t\t<div class=\"elementor-container elementor-column-gap-default\">\n\t\t\t\t\t\t\t<div class=\"elementor-row\">\n\t\t\t\t\t<div class=\"elementor-column elementor-col-50 elementor-top-column elementor-element elementor-element-cb5e628\" data-id=\"cb5e628\" data-element_type=\"column\">\n\t\t\t<div class=\"elementor-column-wrap elementor-element-populated\">\n\t\t\t\t\t\t\t<div class=\"elementor-widget-wrap\">\n\t\t\t\t\t\t<div class=\"elementor-element elementor-element-aea672d elementor-widget elementor-widget-text-editor\" data-id=\"aea672d\" data-element_type=\"widget\" data-widget_type=\"text-editor.default\">\n\t\t\t\t<div class=\"elementor-widget-container\">\n\t\t\t\t\t\t\t\t<div class=\"elementor-text-editor elementor-clearfix\">\n\t\t\t\t<p lang=\"de-CH\"><b>Hochzeitsfloristik<\/b><\/p><p lang=\"de-CH\">Damit Sie Ihre Hochzeit in vollen Z\u00fcgen genie\u00dfen k\u00f6nnen, unterst\u00fctze ich Sie gerne in allen dekorativen Belangen. Im pers\u00f6nlichen Gespr\u00e4ch entwickeln wir gemeinsam Ihre Traumdekoration:<\/p><ul><li lang=\"de-CH\">Brautschmuck<\/li><li lang=\"de-CH\">Anstecker und Anh\u00e4nger<\/li><li lang=\"de-CH\">Kirchen-, Tisch- und Autodekoration<\/li><li lang=\"de-CH\">Der Service umfasst selbstverst\u00e4ndlich die Bereitstellung von Gef\u00e4\u00dfen, die Lieferung und das Aufstellen der Dekoration.<\/li><\/ul>\t\t\t\t\t<\/div>\n\t\t\t\t\t\t<\/div>\n\t\t\t\t<\/div>\n\t\t\t\t\t\t<\/div>\n\t\t\t\t\t<\/div>\n\t\t<\/div>\n\t\t\t\t<div class=\"elementor-column elementor-col-50 elementor-top-column elementor-element elementor-element-eba3217\" data-id=\"eba3217\" data-element_type=\"column\">\n\t\t\t<div class=\"elementor-column-wrap elementor-element-populated\">\n\t\t\t\t\t\t\t<div class=\"elementor-widget-wrap\">\n\t\t\t\t\t\t<div class=\"elementor-element elementor-element-6a4e04b elementor-widget elementor-widget-image\" data-id=\"6a4e04b\" data-element_type=\"widget\" data-widget_type=\"image.default\">\n\t\t\t\t<div class=\"elementor-widget-container\">\n\t\t\t\t\t\t\t\t<div class=\"elementor-image\">\n\t\t\t\t\t\t\t\t\t\t\t\t<img width=\"840\" height=\"617\" src=\"https:\/\/nordisk-blumenwerkstatt.de\/wp-content\/uploads\/2023\/01\/Hochzeit2.jpg\" class=\"attachment-large size-large\" alt=\"\" loading=\"lazy\" srcset=\"https:\/\/nordisk-blumenwerkstatt.de\/wp-content\/uploads\/2023\/01\/Hochzeit2.jpg 900w, https:\/\/nordisk-blumenwerkstatt.de\/wp-content\/uploads\/2023\/01\/Hochzeit2-300x220.jpg 300w, https:\/\/nordisk-blumenwerkstatt.de\/wp-content\/uploads\/2023\/01\/Hochzeit2-768x564.jpg 768w\" sizes=\"(max-width: 840px) 100vw, 840px\" \/>\t\t\t\t\t\t\t\t\t\t\t\t\t\t<\/div>\n\t\t\t\t\t\t<\/div>\n\t\t\t\t<\/div>\n\t\t\t\t\t\t<\/div>\n\t\t\t\t\t<\/div>\n\t\t<\/div>\n\t\t\t\t\t\t\t\t<\/div>\n\t\t\t\t\t<\/div>\n\t\t<\/section>\n\t\t\t\t<section class=\"elementor-section elementor-top-section elementor-element elementor-element-b5e781e elementor-section-boxed elementor-section-height-default elementor-section-height-default\" data-id=\"b5e781e\" data-element_type=\"section\">\n\t\t\t\t\t\t<div class=\"elementor-container elementor-column-gap-default\">\n\t\t\t\t\t\t\t<div class=\"elementor-row\">\n\t\t\t\t\t<div class=\"elementor-column elementor-col-100 elementor-top-column elementor-element elementor-element-3bfa66c\" data-id=\"3bfa66c\" data-element_type=\"column\">\n\t\t\t<div class=\"elementor-column-wrap elementor-element-populated\">\n\t\t\t\t\t\t\t<div class=\"elementor-widget-wrap\">\n\t\t\t\t\t\t<div class=\"elementor-element elementor-element-995068d elementor-widget elementor-widget-spacer\" data-id=\"995068d\" data-element_type=\"widget\" data-widget_type=\"spacer.default\">\n\t\t\t\t<div class=\"elementor-widget-container\">\n\t\t\t\t\t<div class=\"elementor-spacer\">\n\t\t\t<div class=\"elementor-spacer-inner\"><\/div>\n\t\t<\/div>\n\t\t\t\t<\/div>\n\t\t\t\t<\/div>\n\t\t\t\t\t\t<\/div>\n\t\t\t\t\t<\/div>\n\t\t<\/div>\n\t\t\t\t\t\t\t\t<\/div>\n\t\t\t\t\t<\/div>\n\t\t<\/section>\n\t\t\t\t<section class=\"elementor-section elementor-top-section elementor-element elementor-element-c34908d elementor-section-full_width elementor-section-height-default elementor-section-height-default\" data-id=\"c34908d\" data-element_type=\"section\">\n\t\t\t\t\t\t<div class=\"elementor-container elementor-column-gap-default\">\n\t\t\t\t\t\t\t<div class=\"elementor-row\">\n\t\t\t\t\t<div class=\"elementor-column elementor-col-50 elementor-top-column elementor-element elementor-element-8437b00\" data-id=\"8437b00\" data-element_type=\"column\">\n\t\t\t<div class=\"elementor-column-wrap elementor-element-populated\">\n\t\t\t\t\t\t\t<div class=\"elementor-widget-wrap\">\n\t\t\t\t\t\t<div class=\"elementor-element elementor-element-f0dfa6d elementor-widget elementor-widget-image\" data-id=\"f0dfa6d\" data-element_type=\"widget\" data-widget_type=\"image.default\">\n\t\t\t\t<div class=\"elementor-widget-container\">\n\t\t\t\t\t\t\t\t<div class=\"elementor-image\">\n\t\t\t\t\t\t\t\t\t\t\t\t<img width=\"512\" height=\"767\" src=\"https:\/\/nordisk-blumenwerkstatt.de\/wp-content\/uploads\/2017\/12\/DSC_2688.png\" class=\"attachment-large size-large\" alt=\"\" loading=\"lazy\" srcset=\"https:\/\/nordisk-blumenwerkstatt.de\/wp-content\/uploads\/2017\/12\/DSC_2688.png 512w, https:\/\/nordisk-blumenwerkstatt.de\/wp-content\/uploads\/2017\/12\/DSC_2688-200x300.png 200w\" sizes=\"(max-width: 512px) 100vw, 512px\" \/>\t\t\t\t\t\t\t\t\t\t\t\t\t\t<\/div>\n\t\t\t\t\t\t<\/div>\n\t\t\t\t<\/div>\n\t\t\t\t\t\t<\/div>\n\t\t\t\t\t<\/div>\n\t\t<\/div>\n\t\t\t\t<div class=\"elementor-column elementor-col-50 elementor-top-column elementor-element elementor-element-cc93294\" data-id=\"cc93294\" data-element_type=\"column\">\n\t\t\t<div class=\"elementor-column-wrap elementor-element-populated\">\n\t\t\t\t\t\t\t<div class=\"elementor-widget-wrap\">\n\t\t\t\t\t\t<div class=\"elementor-element elementor-element-9bbdbaf elementor-widget elementor-widget-text-editor\" data-id=\"9bbdbaf\" data-element_type=\"widget\" data-widget_type=\"text-editor.default\">\n\t\t\t\t<div class=\"elementor-widget-container\">\n\t\t\t\t\t\t\t\t<div class=\"elementor-text-editor elementor-clearfix\">\n\t\t\t\t<p lang=\"de-CH\"><strong>Trauerfloristik<\/strong><\/p><p lang=\"de-CH\">Ich gestalte Trauerschmuck nach Ihren individuellen W\u00fcnschen, die wir gemeinsam besprechen:<\/p><ul><li lang=\"de-CH\">Trauerkr\u00e4nze und Gestecke<\/li><li lang=\"de-CH\">Urnen- und Sargschmuck<\/li><li lang=\"de-CH\">Kirchenschmuck<\/li><li lang=\"de-CH\">Kondolenzstr\u00e4usse<\/li><li lang=\"de-CH\">Gebinde f\u00fcr den Gang zum Grab<\/li><\/ul><p lang=\"de-CH\">In Trauerf\u00e4llen d\u00fcrfen Sie mich gerne auch zu ungew\u00f6hnlichen Zeiten kontaktieren.<\/p>\t\t\t\t\t<\/div>\n\t\t\t\t\t\t<\/div>\n\t\t\t\t<\/div>\n\t\t\t\t\t\t<\/div>\n\t\t\t\t\t<\/div>\n\t\t<\/div>\n\t\t\t\t\t\t\t\t<\/div>\n\t\t\t\t\t<\/div>\n\t\t<\/section>\n\t\t\t\t<section class=\"elementor-section elementor-top-section elementor-element elementor-element-b210b95 elementor-section-boxed elementor-section-height-default elementor-section-height-default\" data-id=\"b210b95\" data-element_type=\"section\">\n\t\t\t\t\t\t<div class=\"elementor-container elementor-column-gap-default\">\n\t\t\t\t\t\t\t<div class=\"elementor-row\">\n\t\t\t\t\t<div class=\"elementor-column elementor-col-100 elementor-top-column elementor-element elementor-element-448a54e\" data-id=\"448a54e\" data-element_type=\"column\">\n\t\t\t<div class=\"elementor-column-wrap elementor-element-populated\">\n\t\t\t\t\t\t\t<div class=\"elementor-widget-wrap\">\n\t\t\t\t\t\t<div class=\"elementor-element elementor-element-230e84d elementor-widget elementor-widget-spacer\" data-id=\"230e84d\" data-element_type=\"widget\" data-widget_type=\"spacer.default\">\n\t\t\t\t<div class=\"elementor-widget-container\">\n\t\t\t\t\t<div class=\"elementor-spacer\">\n\t\t\t<div class=\"elementor-spacer-inner\"><\/div>\n\t\t<\/div>\n\t\t\t\t<\/div>\n\t\t\t\t<\/div>\n\t\t\t\t\t\t<\/div>\n\t\t\t\t\t<\/div>\n\t\t<\/div>\n\t\t\t\t\t\t\t\t<\/div>\n\t\t\t\t\t<\/div>\n\t\t<\/section>\n\t\t\t\t<section class=\"elementor-section elementor-top-section elementor-element elementor-element-66e6191 elementor-section-boxed elementor-section-height-default elementor-section-height-default\" data-id=\"66e6191\" data-element_type=\"section\">\n\t\t\t\t\t\t<div class=\"elementor-container elementor-column-gap-default\">\n\t\t\t\t\t\t\t<div class=\"elementor-row\">\n\t\t\t\t\t<div class=\"elementor-column elementor-col-50 elementor-top-column elementor-element elementor-element-475071a\" data-id=\"475071a\" data-element_type=\"column\">\n\t\t\t<div class=\"elementor-column-wrap elementor-element-populated\">\n\t\t\t\t\t\t\t<div class=\"elementor-widget-wrap\">\n\t\t\t\t\t\t<div class=\"elementor-element elementor-element-bc7c463 elementor-widget elementor-widget-heading\" data-id=\"bc7c463\" data-element_type=\"widget\" data-widget_type=\"heading.default\">\n\t\t\t\t<div class=\"elementor-widget-container\">\n\t\t\t<h2 class=\"elementor-heading-title elementor-size-default\">Nordisk Blumenwerkstatt<\/h2>\t\t<\/div>\n\t\t\t\t<\/div>\n\t\t\t\t<div class=\"elementor-element elementor-element-796a966 elementor-widget elementor-widget-text-editor\" data-id=\"796a966\" data-element_type=\"widget\" data-widget_type=\"text-editor.default\">\n\t\t\t\t<div class=\"elementor-widget-container\">\n\t\t\t\t\t\t\t\t<div class=\"elementor-text-editor elementor-clearfix\">\n\t\t\t\t<p>Heike Sch\u00e4fer<\/p><p>Heimersfeld 74<\/p><p>46244 Bottrop<\/p><p>Tel.: 02045 4123647<\/p><p>Mobil: 0163 6196155<\/p><p>E-Mail: <a href=\"mailto:schaefer@nordisk-blumenwerkstatt.de\">schaefer@nordisk-blumenwerkstatt.de<\/a>\u00a0<\/p>\t\t\t\t\t<\/div>\n\t\t\t\t\t\t<\/div>\n\t\t\t\t<\/div>\n\t\t\t\t\t\t<\/div>\n\t\t\t\t\t<\/div>\n\t\t<\/div>\n\t\t\t\t<div class=\"elementor-column elementor-col-50 elementor-top-column elementor-element elementor-element-3442665\" data-id=\"3442665\" data-element_type=\"column\">\n\t\t\t<div class=\"elementor-column-wrap\">\n\t\t\t\t\t\t\t<div class=\"elementor-widget-wrap\">\n\t\t\t\t\t\t\t\t<\/div>\n\t\t\t\t\t<\/div>\n\t\t<\/div>\n\t\t\t\t\t\t\t\t<\/div>\n\t\t\t\t\t<\/div>\n\t\t<\/section>\n\t\t\t\t\t\t\t\t\t<\/div>\n\t\t\t<\/div>\n\t\t\t\t\t<\/div>\n\t\t","protected":false},"excerpt":{"rendered":"<p>Die Blumenwerkstatt liegt mitten im l\u00e4ndlichen Grafenwald und ist kein normales Blumengesch\u00e4ft mit Ausstellungsfl\u00e4che und Laden\u00f6ffnungszeiten. Sie finden bei mir naturverbundene Floristik, die ich Ihnen auch gerne nach Hause oder in die Firma liefere. F\u00fcr jede erdenkliche Gelegenheit biete ich Ihnen Beratung in pers\u00f6nlicher Atmosph\u00e4re in meiner Werkstatt oder bei Ihnen zu Hause.\u00a0Um sich einen Eindruck \u00fcber die vielf\u00e4ltigen Gestaltungsm\u00f6glichkeiten zu machen, k\u00f6nnen Sie mich\u00a0gerne in der Werkstatt besuchen.\u00a0Dort biete\u00a0ich\u00a0Ihnen ein umfassendes saisonales Angebot an Schnitt- und Topfblumen. Ich\u00a0gestalte f\u00fcr Sie Blumenschmuck aller Art f\u00fcr fr\u00f6hliche und traurige, allt\u00e4gliche und besondere Anl\u00e4sse oder auch Dekorationen f\u00fcr Firmen, Praxen und Restaurants. Gerne helfe ich Ihnen bei der Bepflanzung f\u00fcr Balkon und Terrasse.\u00a0Eine st\u00e4ndige Ausstellung meiner\u00a0Arbeiten finden Sie im Caf\u00ea Kleines Engelseck auf der Schneiderstr. 99 in Grafenwald. Ich\u00a0freue mich\u00a0auf Ihren Besuch! Dekorationen Sie wollen Ihrem Firmenfoyer, dem B\u00fcro oder ihrem Restaurant ein ansprechendes und saisonales Erscheinungsbild mit Blumen geben? Oder m\u00f6chten Sie Ihre Kunden mit einem floralen Geschenk \u00fcberraschen? Gerne helfe ich Ihnen dabei! Zu meinen Leistungen f\u00fcr Firmen z\u00e4hlt auch das Blumen-Abo f\u00fcr das ganze &hellip;<\/p>\n","protected":false},"author":1,"featured_media":0,"parent":0,"menu_order":0,"comment_status":"closed","ping_status":"closed","template":"page-templates\/full-width.php","meta":[],"_links":{"self":[{"href":"https:\/\/nordisk-blumenwerkstatt.de\/index.php?rest_route=\/wp\/v2\/pages\/5"}],"collection":[{"href":"https:\/\/nordisk-blumenwerkstatt.de\/index.php?rest_route=\/wp\/v2\/pages"}],"about":[{"href":"https:\/\/nordisk-blumenwerkstatt.de\/index.php?rest_route=\/wp\/v2\/types\/page"}],"author":[{"embeddable":true,"href":"https:\/\/nordisk-blumenwerkstatt.de\/index.php?rest_route=\/wp\/v2\/users\/1"}],"replies":[{"embeddable":true,"href":"https:\/\/nordisk-blumenwerkstatt.de\/index.php?rest_route=%2Fwp%2Fv2%2Fcomments&post=5"}],"version-history":[{"count":43,"href":"https:\/\/nordisk-blumenwerkstatt.de\/index.php?rest_route=\/wp\/v2\/pages\/5\/revisions"}],"predecessor-version":[{"id":154,"href":"https:\/\/nordisk-blumenwerkstatt.de\/index.php?rest_route=\/wp\/v2\/pages\/5\/revisions\/154"}],"wp:attachment":[{"href":"https:\/\/nordisk-blumenwerkstatt.de\/index.php?rest_route=%2Fwp%2Fv2%2Fmedia&parent=5"}],"curies":[{"name":"wp","href":"https:\/\/api.w.org\/{rel}","templated":true}]}}